{"id":2,"date":"2025-01-20T14:08:46","date_gmt":"2025-01-20T13:08:46","guid":{"rendered":"https:\/\/djishop.cz\/blog1\/sk\/?page_id=2"},"modified":"2025-01-20T14:55:21","modified_gmt":"2025-01-20T13:55:21","slug":"dji-blog","status":"publish","type":"page","link":"https:\/\/www.djishop.sk\/blog\/","title":{"rendered":"DJI blog"},"content":{"rendered":"<div class=\"blogs blogs__HP\"> <div class=\"blog__grid\"><div class=\"blog__item\"><div class=\"blog__img\"><a href=\"https:\/\/www.djishop.sk\/blog\/dji-neo-2-najzabavnejsi-kompaktny-dron-novej-generacie.html\" title=\"DJI Neo 2: Najz\u00e1bavnej\u0161\u00ed kompaktn\u00fd dron novej gener\u00e1cie\"><img loading=\"lazy\" decoding=\"async\" width=\"300\" height=\"169\" src=\"https:\/\/www.djishop.sk\/blog\/wp-content\/uploads\/sites\/2\/2025\/11\/blog-0-300x169.webp\" class=\"attachment-medium size-medium wp-post-image\" alt=\"\" srcset=\"https:\/\/www.djishop.sk\/blog\/wp-content\/uploads\/sites\/2\/2025\/11\/blog-0-300x169.webp 300w, https:\/\/www.djishop.sk\/blog\/wp-content\/uploads\/sites\/2\/2025\/11\/blog-0-1024x576.webp 1024w, https:\/\/www.djishop.sk\/blog\/wp-content\/uploads\/sites\/2\/2025\/11\/blog-0-768x432.webp 768w, https:\/\/www.djishop.sk\/blog\/wp-content\/uploads\/sites\/2\/2025\/11\/blog-0-1536x864.webp 1536w, https:\/\/www.djishop.sk\/blog\/wp-content\/uploads\/sites\/2\/2025\/11\/blog-0.webp 1920w\" sizes=\"auto, (max-width: 300px) 100vw, 300px\" \/><\/a><\/div><div class=\"blog__content\"><a href=\"https:\/\/www.djishop.sk\/blog\/dji-neo-2-najzabavnejsi-kompaktny-dron-novej-generacie.html\" class=\"blog__link\" title=\"DJI Neo 2: Najz\u00e1bavnej\u0161\u00ed kompaktn\u00fd dron novej gener\u00e1cie\"><\/a><h2 class=\"blog__title\">DJI Neo 2: Najz\u00e1bavnej\u0161\u00ed kompaktn\u00fd dron novej gener\u00e1cie<\/h2><div class=\"blog__text\">DJI Neo 2 je najnov\u0161\u00ed mini dron, ktor\u00fd prekvap\u00ed najm\u00e4 t\u00fdm, ko\u013eko dok\u00e1\u017ee, hoci sa zmest\u00ed prakticky kamko\u013evek. DJI mu doprialo v\u0161esmerov\u00e9 sn\u00edmanie prek\u00e1\u017eok, v\u00fdrazne lep\u0161iu kameru, inteligentnej\u0161ie sledovanie a...<\/div><div class=\"blog__text_md\">DJI Neo 2 je najnov\u0161\u00ed mini dron, ktor\u00fd prekvap\u00ed najm\u00e4 t\u00fdm, ko\u013eko dok\u00e1\u017ee, hoci sa zmest\u00ed prakticky kamko\u013evek....<\/div><\/div><\/div><\/div> <div class=\"blog__grid\"><div class=\"blog__item\"><div class=\"blog__img\"><a href=\"https:\/\/www.djishop.sk\/blog\/dji-romo-nova-era-domacej-automatizacie-sa-zacina.html\" title=\"DJI ROMO \u2013 nov\u00e1 \u00e9ra dom\u00e1cej automatiz\u00e1cie sa za\u010d\u00edna\"><img loading=\"lazy\" decoding=\"async\" width=\"300\" height=\"264\" src=\"https:\/\/www.djishop.sk\/blog\/wp-content\/uploads\/sites\/2\/2025\/10\/IMG-1_BLOG-300x264.png\" class=\"attachment-medium size-medium wp-post-image\" alt=\"\" srcset=\"https:\/\/www.djishop.sk\/blog\/wp-content\/uploads\/sites\/2\/2025\/10\/IMG-1_BLOG-300x264.png 300w, https:\/\/www.djishop.sk\/blog\/wp-content\/uploads\/sites\/2\/2025\/10\/IMG-1_BLOG-1024x902.png 1024w, https:\/\/www.djishop.sk\/blog\/wp-content\/uploads\/sites\/2\/2025\/10\/IMG-1_BLOG-768x677.png 768w, https:\/\/www.djishop.sk\/blog\/wp-content\/uploads\/sites\/2\/2025\/10\/IMG-1_BLOG.png 1135w\" sizes=\"auto, (max-width: 300px) 100vw, 300px\" \/><\/a><\/div><div class=\"blog__content\"><a href=\"https:\/\/www.djishop.sk\/blog\/dji-romo-nova-era-domacej-automatizacie-sa-zacina.html\" class=\"blog__link\" title=\"DJI ROMO \u2013 nov\u00e1 \u00e9ra dom\u00e1cej automatiz\u00e1cie sa za\u010d\u00edna\"><\/a><h2 class=\"blog__title\">DJI ROMO \u2013 nov\u00e1 \u00e9ra dom\u00e1cej automatiz\u00e1cie sa za\u010d\u00edna<\/h2><div class=\"blog__text\">DJI vstupuje do sveta inteligentnej dom\u00e1cnosti a prin\u00e1\u0161a revol\u00faciu v upratovan\u00ed. Zozn\u00e1mte sa s nov\u00fdm radom robotick\u00fdch vys\u00e1va\u010dov DJI ROMO, ktor\u00fd sp\u00e1ja \u0161pi\u010dkov\u00e9 senzory, v\u00fdkon a elegantn\u00fd dizajn v duchu...<\/div><div class=\"blog__text_md\">DJI vstupuje do sveta inteligentnej dom\u00e1cnosti a prin\u00e1\u0161a revol\u00faciu v upratovan\u00ed. Zozn\u00e1mte sa s nov\u00fdm radom robotick\u00fdch vys\u00e1va\u010dov...<\/div><\/div><\/div><\/div> <div class=\"blog__grid\"><div class=\"blog__item\"><div class=\"blog__img\"><a href=\"https:\/\/www.djishop.sk\/blog\/pre-koho-a-preco-je-vhodny-dji-mini-5-pro.html\" title=\"Pre koho a pre\u010do je vhodn\u00fd DJI Mini 5 Pro?\"><img loading=\"lazy\" decoding=\"async\" width=\"300\" height=\"169\" src=\"https:\/\/www.djishop.sk\/blog\/wp-content\/uploads\/sites\/2\/2025\/09\/djiblog_nova-pravidla-pro-drony_img-1_01-300x169.webp\" class=\"attachment-medium size-medium wp-post-image\" alt=\"\" srcset=\"https:\/\/www.djishop.sk\/blog\/wp-content\/uploads\/sites\/2\/2025\/09\/djiblog_nova-pravidla-pro-drony_img-1_01-300x169.webp 300w, https:\/\/www.djishop.sk\/blog\/wp-content\/uploads\/sites\/2\/2025\/09\/djiblog_nova-pravidla-pro-drony_img-1_01-1024x576.webp 1024w, https:\/\/www.djishop.sk\/blog\/wp-content\/uploads\/sites\/2\/2025\/09\/djiblog_nova-pravidla-pro-drony_img-1_01-768x432.webp 768w, https:\/\/www.djishop.sk\/blog\/wp-content\/uploads\/sites\/2\/2025\/09\/djiblog_nova-pravidla-pro-drony_img-1_01-1536x864.webp 1536w, https:\/\/www.djishop.sk\/blog\/wp-content\/uploads\/sites\/2\/2025\/09\/djiblog_nova-pravidla-pro-drony_img-1_01.webp 1920w\" sizes=\"auto, (max-width: 300px) 100vw, 300px\" \/><\/a><\/div><div class=\"blog__content\"><a href=\"https:\/\/www.djishop.sk\/blog\/pre-koho-a-preco-je-vhodny-dji-mini-5-pro.html\" class=\"blog__link\" title=\"Pre koho a pre\u010do je vhodn\u00fd DJI Mini 5 Pro?\"><\/a><h2 class=\"blog__title\">Pre koho a pre\u010do je vhodn\u00fd DJI Mini 5 Pro?<\/h2><div class=\"blog__text\">Minul\u00fd rok posunul rad Mini v\u00fdrazne dopredu model Mini 4 Pro. DJI Mini 5 Pro ide e\u0161te \u010falej: prid\u00e1va 1-palcov\u00fd CMOS sn\u00edma\u010d, v\u0161esmerov\u00e9 sn\u00edmanie prek\u00e1\u017eok aj v noci a flexibiln\u00fd...<\/div><div class=\"blog__text_md\">Minul\u00fd rok posunul rad Mini v\u00fdrazne dopredu model Mini 4 Pro. DJI Mini 5 Pro ide e\u0161te \u010falej:...<\/div><\/div><\/div><\/div> <div class=\"blog__grid\"><div class=\"blog__item\"><div class=\"blog__img\"><a href=\"https:\/\/www.djishop.sk\/blog\/dji-mic-3-mikrofon-ktery-meni-pravidla-hry.html\" title=\"DJI Mic 3 \u2013 mikrof\u00f3n, ktor\u00fd men\u00ed pravidl\u00e1 hry\"><img loading=\"lazy\" decoding=\"async\" width=\"300\" height=\"300\" src=\"https:\/\/www.djishop.sk\/blog\/wp-content\/uploads\/sites\/2\/2025\/08\/DJI-Mic-3-2-TX-1-RX-Charging-Case-1-300x300.jpg\" class=\"attachment-medium size-medium wp-post-image\" alt=\"\" srcset=\"https:\/\/www.djishop.sk\/blog\/wp-content\/uploads\/sites\/2\/2025\/08\/DJI-Mic-3-2-TX-1-RX-Charging-Case-1-300x300.jpg 300w, https:\/\/www.djishop.sk\/blog\/wp-content\/uploads\/sites\/2\/2025\/08\/DJI-Mic-3-2-TX-1-RX-Charging-Case-1-150x150.jpg 150w, https:\/\/www.djishop.sk\/blog\/wp-content\/uploads\/sites\/2\/2025\/08\/DJI-Mic-3-2-TX-1-RX-Charging-Case-1-768x768.jpg 768w, https:\/\/www.djishop.sk\/blog\/wp-content\/uploads\/sites\/2\/2025\/08\/DJI-Mic-3-2-TX-1-RX-Charging-Case-1.jpg 1000w\" sizes=\"auto, (max-width: 300px) 100vw, 300px\" \/><\/a><\/div><div class=\"blog__content\"><a href=\"https:\/\/www.djishop.sk\/blog\/dji-mic-3-mikrofon-ktery-meni-pravidla-hry.html\" class=\"blog__link\" title=\"DJI Mic 3 \u2013 mikrof\u00f3n, ktor\u00fd men\u00ed pravidl\u00e1 hry\"><\/a><h2 class=\"blog__title\">DJI Mic 3 \u2013 mikrof\u00f3n, ktor\u00fd men\u00ed pravidl\u00e1 hry<\/h2><div class=\"blog__text\">DJI Mic 3 pos\u00fava bezdr\u00f4tov\u00e9 nahr\u00e1vanie zvuku na \u00faplne nov\u00fa \u00farove\u0148. Ultra\u013eahk\u00fd vysiela\u010d, inteligentn\u00fd prij\u00edma\u010d s dotykov\u00fdm displejom a chytr\u00e9 funkcie, ako je adapt\u00edvne riadenie zisku, potla\u010denie \u0161umu alebo intern\u00fd...<\/div><div class=\"blog__text_md\">DJI Mic 3 pos\u00fava bezdr\u00f4tov\u00e9 nahr\u00e1vanie zvuku na \u00faplne nov\u00fa \u00farove\u0148. Ultra\u013eahk\u00fd vysiela\u010d, inteligentn\u00fd prij\u00edma\u010d s dotykov\u00fdm displejom...<\/div><\/div><\/div><\/div> <div class=\"blog__grid\"><div class=\"blog__item\"><div class=\"blog__img\"><a href=\"https:\/\/www.djishop.sk\/blog\/dji-osmo-360-vse-v-jednom.html\" title=\"DJI Osmo 360 \u2013 V\u0161e v jednom\"><img loading=\"lazy\" decoding=\"async\" width=\"300\" height=\"264\" src=\"https:\/\/www.djishop.sk\/blog\/wp-content\/uploads\/sites\/2\/2025\/07\/OSMO-360_Mountaineering-1-300x264.jpg\" class=\"attachment-medium size-medium wp-post-image\" alt=\"\" srcset=\"https:\/\/www.djishop.sk\/blog\/wp-content\/uploads\/sites\/2\/2025\/07\/OSMO-360_Mountaineering-1-300x264.jpg 300w, https:\/\/www.djishop.sk\/blog\/wp-content\/uploads\/sites\/2\/2025\/07\/OSMO-360_Mountaineering-1-1024x902.jpg 1024w, https:\/\/www.djishop.sk\/blog\/wp-content\/uploads\/sites\/2\/2025\/07\/OSMO-360_Mountaineering-1-768x677.jpg 768w, https:\/\/www.djishop.sk\/blog\/wp-content\/uploads\/sites\/2\/2025\/07\/OSMO-360_Mountaineering-1.jpg 1135w\" sizes=\"auto, (max-width: 300px) 100vw, 300px\" \/><\/a><\/div><div class=\"blog__content\"><a href=\"https:\/\/www.djishop.sk\/blog\/dji-osmo-360-vse-v-jednom.html\" class=\"blog__link\" title=\"DJI Osmo 360 \u2013 V\u0161e v jednom\"><\/a><h2 class=\"blog__title\">DJI Osmo 360 \u2013 V\u0161e v jednom<\/h2><div class=\"blog__text\">Osmo 360 prepisuje pravidl\u00e1 filmov\u00e9ho vypr\u00e1v\u011bn\u00ed. Dva \u010dtvercov\u00e9 HDR sn\u00edma\u010de se spole\u010dnou plochou srovnatelnou s 1\" \u010dipem dok\u00e1\u017eou nativn\u011b zachytit 8K 360\u00b0 video p\u0159i t\u0159iceti sn\u00edmc\u00edch za sekundu, nav\u00edc s...<\/div><div class=\"blog__text_md\">Osmo 360 prepisuje pravidl\u00e1 filmov\u00e9ho vypr\u00e1v\u011bn\u00ed. Dva \u010dtvercov\u00e9 HDR sn\u00edma\u010de se spole\u010dnou plochou srovnatelnou s 1\" \u010dipem dok\u00e1\u017eou...<\/div><\/div><\/div><\/div> <div class=\"blog__grid\"><div class=\"blog__item\"><div class=\"blog__img\"><a href=\"https:\/\/www.djishop.sk\/blog\/dji-flip-kreativita-bez-hranic.html\" title=\"DJI Flip &#8211; Kreativita bez hranic\"><img loading=\"lazy\" decoding=\"async\" width=\"300\" height=\"224\" src=\"https:\/\/www.djishop.sk\/blog\/wp-content\/uploads\/sites\/2\/2025\/06\/dji-flip-quickshotsxxx_1024-300x224.jpg\" class=\"attachment-medium size-medium wp-post-image\" alt=\"\" srcset=\"https:\/\/www.djishop.sk\/blog\/wp-content\/uploads\/sites\/2\/2025\/06\/dji-flip-quickshotsxxx_1024-300x224.jpg 300w, https:\/\/www.djishop.sk\/blog\/wp-content\/uploads\/sites\/2\/2025\/06\/dji-flip-quickshotsxxx_1024-768x572.jpg 768w, https:\/\/www.djishop.sk\/blog\/wp-content\/uploads\/sites\/2\/2025\/06\/dji-flip-quickshotsxxx_1024.jpg 1024w\" sizes=\"auto, (max-width: 300px) 100vw, 300px\" \/><\/a><\/div><div class=\"blog__content\"><a href=\"https:\/\/www.djishop.sk\/blog\/dji-flip-kreativita-bez-hranic.html\" class=\"blog__link\" title=\"DJI Flip &#8211; Kreativita bez hranic\"><\/a><h2 class=\"blog__title\">DJI Flip &#8211; Kreativita bez hranic<\/h2><div class=\"blog__text\">DJI Flip prin\u00e1\u0161a nov\u00fd \u0161tandard do sveta kompaktn\u00fdch dronov. Sp\u00e1ja prec\u00edznu technol\u00f3giu, \u0161pi\u010dkov\u00fd obraz a intuit\u00edvne ovl\u00e1danie do jedn\u00e9ho zariadenia, ktor\u00e9 je pripraven\u00e9 zachyti\u0165 va\u0161e najlep\u0161ie momenty. Je navrhnut\u00fd pre...<\/div><div class=\"blog__text_md\">DJI Flip prin\u00e1\u0161a nov\u00fd \u0161tandard do sveta kompaktn\u00fdch dronov. Sp\u00e1ja prec\u00edznu technol\u00f3giu, \u0161pi\u010dkov\u00fd obraz a intuit\u00edvne ovl\u00e1danie do...<\/div><\/div><\/div><\/div><\/div><div class=\"blogs__pagination\"><div class=\"pagination\"><div class=\"pagination__inner\"><span aria-current=\"page\" class=\"page-numbers current\">1<\/span>\n<a class=\"page-numbers\" href=\"https:\/\/www.djishop.sk\/blog\/wp-json\/wp\/v2\/pages\/2\/page\/2\">2<\/a>\n<a class=\"page-numbers\" href=\"https:\/\/www.djishop.sk\/blog\/wp-json\/wp\/v2\/pages\/2\/page\/3\">3<\/a>\n<a class=\"page-numbers\" href=\"https:\/\/www.djishop.sk\/blog\/wp-json\/wp\/v2\/pages\/2\/page\/4\">4<\/a>\n<a class=\"next page-numbers\" href=\"https:\/\/www.djishop.sk\/blog\/wp-json\/wp\/v2\/pages\/2\/page\/2\"><\/a><\/div><\/div><\/div>\n\n\n\n<p><\/p>\n","protected":false},"excerpt":{"rendered":"<p> [&#8230;]<\/p>\n<p><a class=\"btn btn-secondary understrap-read-more-link\" href=\"https:\/\/www.djishop.sk\/blog\/dji-flip-kreativita-bez-hranic.html\">\u010c\u00edst d\u00e1le&#8230;<span class=\"screen-reader-text\"> from DJI Flip &#8211; Kreativita bez hranic<\/span><\/a><\/p>\n","protected":false},"author":1,"featured_media":0,"parent":0,"menu_order":0,"comment_status":"closed","ping_status":"open","template":"page-templates\/no-title.php","meta":{"footnotes":""},"class_list":["post-2","page","type-page","status-publish","hentry"],"_links":{"self":[{"href":"https:\/\/www.djishop.sk\/blog\/wp-json\/wp\/v2\/pages\/2","targetHints":{"allow":["GET"]}}],"collection":[{"href":"https:\/\/www.djishop.sk\/blog\/wp-json\/wp\/v2\/pages"}],"about":[{"href":"https:\/\/www.djishop.sk\/blog\/wp-json\/wp\/v2\/types\/page"}],"author":[{"embeddable":true,"href":"https:\/\/www.djishop.sk\/blog\/wp-json\/wp\/v2\/users\/1"}],"replies":[{"embeddable":true,"href":"https:\/\/www.djishop.sk\/blog\/wp-json\/wp\/v2\/comments?post=2"}],"version-history":[{"count":1,"href":"https:\/\/www.djishop.sk\/blog\/wp-json\/wp\/v2\/pages\/2\/revisions"}],"predecessor-version":[{"id":7,"href":"https:\/\/www.djishop.sk\/blog\/wp-json\/wp\/v2\/pages\/2\/revisions\/7"}],"wp:attachment":[{"href":"https:\/\/www.djishop.sk\/blog\/wp-json\/wp\/v2\/media?parent=2"}],"curies":[{"name":"wp","href":"https:\/\/api.w.org\/{rel}","templated":true}]}}